{"id":98,"date":"2020-03-16T10:22:24","date_gmt":"2020-03-16T09:22:24","guid":{"rendered":"https:\/\/cpberbinzana.educacion.navarra.es\/web\/?page_id=98"},"modified":"2021-01-28T14:33:09","modified_gmt":"2021-01-28T13:33:09","slug":"skolae","status":"publish","type":"page","link":"https:\/\/cpberbinzana.educacion.navarra.es\/web\/skolae\/","title":{"rendered":"SKOLAE"},"content":{"rendered":"\n<p>Este curso 2020-2021 nuestro centro, el colegio R\u00edo Arga de Berbinzana, contin\u00faa con la formaci\u00f3n del profesorado en el programa <strong>\u00abSKOLAE, creciendo en igualdad\u00bb<\/strong>, el cual propone a lo largo de todas las etapas educativas analizar, corregir y compensar tanto actitudes como comportamientos que no conducen a la igualdad, y adem\u00e1s incidir en aquellas que pueden ayudarnos a conseguirla.<\/p>\n\n\n\n<p>El programa <strong>SKOLAE<\/strong> tiene dos objetivos claros. Por un lado, dar cumplimiento a la normativa vigente referida a <strong>integrar la igualdad en el sistema educativo<\/strong>, y por el otro ser un <strong>referente organizativo<\/strong> para llevarlo a cabo durante <strong>todas las etapas educativas<\/strong> liderado por los docentes y los centros, en colaboraci\u00f3n del resto de miembros de la comunidad educativa tales como las familias y el entorno local.<\/p>\n\n\n\n<p>Para conocer m\u00e1s acerca del programa, consultar la p\u00e1gina web skolae.educacion.navarra.es clicando en la imagen.<\/p>\n\n\n\n<figure class=\"wp-block-image size-large\"><a href=\"https:\/\/www.educacion.navarra.es\/web\/dpto\/skolae-familias\" target=\"_blank\" rel=\"PROGRAMA SKOLAE noopener\"><img loading=\"lazy\" width=\"883\" height=\"283\" src=\"https:\/\/cpberbinzana.educacion.navarra.es\/web\/wp-content\/uploads\/2020\/03\/Skol.jpg\" alt=\"\" class=\"wp-image-209\" srcset=\"https:\/\/cpberbinzana.educacion.navarra.es\/web\/wp-content\/uploads\/2020\/03\/Skol.jpg 883w, https:\/\/cpberbinzana.educacion.navarra.es\/web\/wp-content\/uploads\/2020\/03\/Skol-300x96.jpg 300w, https:\/\/cpberbinzana.educacion.navarra.es\/web\/wp-content\/uploads\/2020\/03\/Skol-768x246.jpg 768w\" sizes=\"(max-width: 883px) 100vw, 883px\" \/><\/a><\/figure>\n\n\n\n<p><\/p>\n","protected":false},"excerpt":{"rendered":"<p>Este curso 2020-2021 nuestro centro, el colegio R\u00edo Arga de Berbinzana, contin\u00faa con la formaci\u00f3n del profesorado en el programa \u00abSKOLAE, creciendo en igualdad\u00bb, el cual propone a lo largo de todas las etapas educativas analizar, corregir y compensar tanto &hellip; <a href=\"https:\/\/cpberbinzana.educacion.navarra.es\/web\/skolae\/\">Sigue leyendo <span class=\"meta-nav\">&rarr;<\/span><\/a><\/p>\n","protected":false},"author":1,"featured_media":0,"parent":0,"menu_order":0,"comment_status":"closed","ping_status":"closed","template":"","meta":[],"_links":{"self":[{"href":"https:\/\/cpberbinzana.educacion.navarra.es\/web\/wp-json\/wp\/v2\/pages\/98"}],"collection":[{"href":"https:\/\/cpberbinzana.educacion.navarra.es\/web\/wp-json\/wp\/v2\/pages"}],"about":[{"href":"https:\/\/cpberbinzana.educacion.navarra.es\/web\/wp-json\/wp\/v2\/types\/page"}],"author":[{"embeddable":true,"href":"https:\/\/cpberbinzana.educacion.navarra.es\/web\/wp-json\/wp\/v2\/users\/1"}],"replies":[{"embeddable":true,"href":"https:\/\/cpberbinzana.educacion.navarra.es\/web\/wp-json\/wp\/v2\/comments?post=98"}],"version-history":[{"count":6,"href":"https:\/\/cpberbinzana.educacion.navarra.es\/web\/wp-json\/wp\/v2\/pages\/98\/revisions"}],"predecessor-version":[{"id":361,"href":"https:\/\/cpberbinzana.educacion.navarra.es\/web\/wp-json\/wp\/v2\/pages\/98\/revisions\/361"}],"wp:attachment":[{"href":"https:\/\/cpberbinzana.educacion.navarra.es\/web\/wp-json\/wp\/v2\/media?parent=98"}],"curies":[{"name":"wp","href":"https:\/\/api.w.org\/{rel}","templated":true}]}}