{"id":69,"date":"2020-03-16T10:19:57","date_gmt":"2020-03-16T09:19:57","guid":{"rendered":"https:\/\/cpberbinzana.educacion.navarra.es\/web\/?page_id=69"},"modified":"2021-02-24T13:00:32","modified_gmt":"2021-02-24T12:00:32","slug":"consejo-escolar","status":"publish","type":"page","link":"https:\/\/cpberbinzana.educacion.navarra.es\/web\/consejo-escolar\/","title":{"rendered":"CONSEJO ESCOLAR"},"content":{"rendered":"\n<p>El Consejo Escolar es el \u00f3rgano de participaci\u00f3n de los diferentes sectores que componen la comunidad educativa. Aqu\u00ed pod\u00e9is ver el organigrama del mismo. <\/p>\n\n\n\n<iframe loading=\"lazy\" src=\"https:\/\/docs.google.com\/presentation\/d\/e\/2PACX-1vTMEWcbmp6IIbdCvWtdxetnXExp9Y1bgHHtvm4HJ5wnmpW2UvUHe0z-dkKi8OaOuCj2jRFPQFl1fDxR\/embed?start=false&#038;loop=false&#038;delayms=3000\" frameborder=\"0\" width=\"480\" height=\"299\" allowfullscreen=\"true\" mozallowfullscreen=\"true\" webkitallowfullscreen=\"true\"><\/iframe>\n","protected":false},"excerpt":{"rendered":"<p>El Consejo Escolar es el \u00f3rgano de participaci\u00f3n de los diferentes sectores que componen la comunidad educativa. Aqu\u00ed pod\u00e9is ver el organigrama del mismo.<\/p>\n","protected":false},"author":1,"featured_media":0,"parent":0,"menu_order":0,"comment_status":"closed","ping_status":"closed","template":"","meta":[],"_links":{"self":[{"href":"https:\/\/cpberbinzana.educacion.navarra.es\/web\/wp-json\/wp\/v2\/pages\/69"}],"collection":[{"href":"https:\/\/cpberbinzana.educacion.navarra.es\/web\/wp-json\/wp\/v2\/pages"}],"about":[{"href":"https:\/\/cpberbinzana.educacion.navarra.es\/web\/wp-json\/wp\/v2\/types\/page"}],"author":[{"embeddable":true,"href":"https:\/\/cpberbinzana.educacion.navarra.es\/web\/wp-json\/wp\/v2\/users\/1"}],"replies":[{"embeddable":true,"href":"https:\/\/cpberbinzana.educacion.navarra.es\/web\/wp-json\/wp\/v2\/comments?post=69"}],"version-history":[{"count":3,"href":"https:\/\/cpberbinzana.educacion.navarra.es\/web\/wp-json\/wp\/v2\/pages\/69\/revisions"}],"predecessor-version":[{"id":408,"href":"https:\/\/cpberbinzana.educacion.navarra.es\/web\/wp-json\/wp\/v2\/pages\/69\/revisions\/408"}],"wp:attachment":[{"href":"https:\/\/cpberbinzana.educacion.navarra.es\/web\/wp-json\/wp\/v2\/media?parent=69"}],"curies":[{"name":"wp","href":"https:\/\/api.w.org\/{rel}","templated":true}]}}