{"id":68,"date":"2020-03-16T10:19:57","date_gmt":"2020-03-16T09:19:57","guid":{"rendered":"https:\/\/cpberbinzana.educacion.navarra.es\/web\/?page_id=68"},"modified":"2023-02-07T12:37:00","modified_gmt":"2023-02-07T11:37:00","slug":"organizacion-interna","status":"publish","type":"page","link":"https:\/\/cpberbinzana.educacion.navarra.es\/web\/organizacion-interna\/","title":{"rendered":"ORGANIGRAMA"},"content":{"rendered":"\n<div class=\"wp-container-2 wp-block-group has-white-background-color has-background\"><div class=\"wp-block-group__inner-container\">\n<div class=\"wp-container-1 wp-block-group\"><div class=\"wp-block-group__inner-container\">\n<figure class=\"wp-block-table alignleft is-style-stripes\"><table class=\"has-background\" style=\"background-color:#f3f4f5\"><tbody><tr><td><strong>EQUIPO DIRECTIVO<\/strong><\/td><td><\/td><\/tr><tr><td>DIRECTORA<\/td><td>Marisa Prieto<\/td><\/tr><tr><td><strong>INFANTIL<\/strong>&#8211;<strong>PRIMARIA<\/strong><\/td><td><\/td><\/tr><tr><td>1\u00ba Y 2\u00ba INFANTIL<\/td><td>Nerea Elcarte<\/td><\/tr><tr><td>3\u00ba INFANTIL-1\u00ba PRIMARIA<\/td><td>Virginia Sagasti<\/td><\/tr><tr><td> 2\u00ba PRIMARIA<\/td><td>Amaia Izco<\/td><\/tr><tr><td>3\u00ba y 4\u00ba PRIMARIA<\/td><td>Ana Catal\u00e1n<\/td><\/tr><tr><td>5\u00ba Y 6\u00ba PRIMARIA<\/td><td>Aurelio Garc\u00eda<\/td><\/tr><tr><td><strong>ESPECIALISTAS<\/strong><\/td><td><\/td><\/tr><tr><td>EDUCACI\u00d3N F\u00cdSICA<\/td><td>Cecilia Mart\u00ednez<\/td><\/tr><tr><td>INGL\u00c9S<\/td><td>Alexia Yag\u00fce<\/td><\/tr><tr><td>EUSKERA  <\/td><td>Irune Giner<\/td><\/tr><tr><td>M\u00daSICA <\/td><td>Juli\u00e1n Goroskieta<\/td><\/tr><tr><td>AUDICI\u00d3N Y LENGUAJE-PEDAGOG\u00cdA      TERAP\u00c9UTICA<\/td><td>Patricia Pa\u00f1os<\/td><\/tr><tr><td>ORIENTACI\u00d3N<\/td><td>Blanca Conde<\/td><\/tr><tr><td>RELIGI\u00d3N  <\/td><td>Sara Rem\u00f3n<\/td><\/tr><\/tbody><\/table><\/figure>\n<\/div><\/div>\n<\/div><\/div>\n\n\n\n<p><\/p>\n","protected":false},"excerpt":{"rendered":"<p>EQUIPO DIRECTIVO DIRECTORA Marisa Prieto INFANTIL&#8211;PRIMARIA 1\u00ba Y 2\u00ba INFANTIL Nerea Elcarte 3\u00ba INFANTIL-1\u00ba PRIMARIA Virginia Sagasti 2\u00ba PRIMARIA Amaia Izco 3\u00ba y 4\u00ba PRIMARIA Ana Catal\u00e1n 5\u00ba Y 6\u00ba PRIMARIA Aurelio Garc\u00eda ESPECIALISTAS EDUCACI\u00d3N F\u00cdSICA Cecilia Mart\u00ednez INGL\u00c9S Alexia &hellip; <a href=\"https:\/\/cpberbinzana.educacion.navarra.es\/web\/organizacion-interna\/\">Sigue leyendo <span class=\"meta-nav\">&rarr;<\/span><\/a><\/p>\n","protected":false},"author":1,"featured_media":0,"parent":0,"menu_order":0,"comment_status":"closed","ping_status":"closed","template":"","meta":[],"_links":{"self":[{"href":"https:\/\/cpberbinzana.educacion.navarra.es\/web\/wp-json\/wp\/v2\/pages\/68"}],"collection":[{"href":"https:\/\/cpberbinzana.educacion.navarra.es\/web\/wp-json\/wp\/v2\/pages"}],"about":[{"href":"https:\/\/cpberbinzana.educacion.navarra.es\/web\/wp-json\/wp\/v2\/types\/page"}],"author":[{"embeddable":true,"href":"https:\/\/cpberbinzana.educacion.navarra.es\/web\/wp-json\/wp\/v2\/users\/1"}],"replies":[{"embeddable":true,"href":"https:\/\/cpberbinzana.educacion.navarra.es\/web\/wp-json\/wp\/v2\/comments?post=68"}],"version-history":[{"count":11,"href":"https:\/\/cpberbinzana.educacion.navarra.es\/web\/wp-json\/wp\/v2\/pages\/68\/revisions"}],"predecessor-version":[{"id":575,"href":"https:\/\/cpberbinzana.educacion.navarra.es\/web\/wp-json\/wp\/v2\/pages\/68\/revisions\/575"}],"wp:attachment":[{"href":"https:\/\/cpberbinzana.educacion.navarra.es\/web\/wp-json\/wp\/v2\/media?parent=68"}],"curies":[{"name":"wp","href":"https:\/\/api.w.org\/{rel}","templated":true}]}}