{"id":67,"date":"2020-03-16T10:19:57","date_gmt":"2020-03-16T09:19:57","guid":{"rendered":"https:\/\/cpberbinzana.educacion.navarra.es\/web\/?page_id=67"},"modified":"2021-02-10T10:46:19","modified_gmt":"2021-02-10T09:46:19","slug":"oferta-educativa","status":"publish","type":"page","link":"https:\/\/cpberbinzana.educacion.navarra.es\/web\/oferta-educativa\/","title":{"rendered":"OFERTA EDUCATIVA"},"content":{"rendered":"\n<p>En el CP \u00abR\u00edo Arga\u00bb de Berbinzana la oferta educativa es la siguiente:<\/p>\n\n\n\n<ul><li><strong>Educaci\u00f3n Infantil (2\u00ba ciclo): 3-6 a\u00f1os.<\/strong><\/li><li>La Educaci\u00f3n Infantil es una etapa educativa de car\u00e1cter voluntario con identidad propia ordenada en dos ciclos. El primero comprende de los 0 a los 3 a\u00f1os de edad, y el segundo de los 3 a los 6 a\u00f1os, que es el que atendemos en nuestro centro. La finalidad de dicha etapa educativa es contribuir al desarrollo integral de los ni\u00f1os y ni\u00f1as favoreciendo que asienten bases s\u00f3lidas para el posterior desarrollo de competencias, que les permitan llevar a cabo sus  proyectos de vida de manera exitosa y convertirse en miembros activos de la sociedad.<\/li><li><strong>Educaci\u00f3n Primaria: 6-12 a\u00f1os.<\/strong><\/li><li>En la etapa de Educaci\u00f3n Primaria se lleva a cabo una apuesta educativa centrada en el trabajo consciente en torno a las ocho competencias clave recogidas en la LOMLOE: Ling\u00fc\u00edstica, matem\u00e1tica\/ciencias  tecnolog\u00eda, digital, aprender a aprender, social y c\u00edvica, iniciativa y esp\u00edritu emprendedor, conciencia y expresiones culturales, con el fin de favorecer que todo el alumnado movilice sus recursos personales (conocimiento, habilidades, destrezas, emociones, etc&#8230;) siendo as\u00ed capaces de desarrollar al m\u00e1ximo todo su potencial.<\/li><\/ul>\n\n\n\n<p><\/p>\n","protected":false},"excerpt":{"rendered":"<p>En el CP \u00abR\u00edo Arga\u00bb de Berbinzana la oferta educativa es la siguiente: Educaci\u00f3n Infantil (2\u00ba ciclo): 3-6 a\u00f1os. La Educaci\u00f3n Infantil es una etapa educativa de car\u00e1cter voluntario con identidad propia ordenada en dos ciclos. El primero comprende de &hellip; <a href=\"https:\/\/cpberbinzana.educacion.navarra.es\/web\/oferta-educativa\/\">Sigue leyendo <span class=\"meta-nav\">&rarr;<\/span><\/a><\/p>\n","protected":false},"author":1,"featured_media":0,"parent":0,"menu_order":0,"comment_status":"closed","ping_status":"closed","template":"","meta":[],"_links":{"self":[{"href":"https:\/\/cpberbinzana.educacion.navarra.es\/web\/wp-json\/wp\/v2\/pages\/67"}],"collection":[{"href":"https:\/\/cpberbinzana.educacion.navarra.es\/web\/wp-json\/wp\/v2\/pages"}],"about":[{"href":"https:\/\/cpberbinzana.educacion.navarra.es\/web\/wp-json\/wp\/v2\/types\/page"}],"author":[{"embeddable":true,"href":"https:\/\/cpberbinzana.educacion.navarra.es\/web\/wp-json\/wp\/v2\/users\/1"}],"replies":[{"embeddable":true,"href":"https:\/\/cpberbinzana.educacion.navarra.es\/web\/wp-json\/wp\/v2\/comments?post=67"}],"version-history":[{"count":6,"href":"https:\/\/cpberbinzana.educacion.navarra.es\/web\/wp-json\/wp\/v2\/pages\/67\/revisions"}],"predecessor-version":[{"id":372,"href":"https:\/\/cpberbinzana.educacion.navarra.es\/web\/wp-json\/wp\/v2\/pages\/67\/revisions\/372"}],"wp:attachment":[{"href":"https:\/\/cpberbinzana.educacion.navarra.es\/web\/wp-json\/wp\/v2\/media?parent=67"}],"curies":[{"name":"wp","href":"https:\/\/api.w.org\/{rel}","templated":true}]}}