{"id":63,"date":"2020-03-16T10:19:57","date_gmt":"2020-03-16T09:19:57","guid":{"rendered":"https:\/\/cpberbinzana.educacion.navarra.es\/web\/?page_id=63"},"modified":"2023-02-13T10:19:12","modified_gmt":"2023-02-13T09:19:12","slug":"descripcion-del-centro","status":"publish","type":"page","link":"https:\/\/cpberbinzana.educacion.navarra.es\/web\/descripcion-del-centro\/","title":{"rendered":"DESCRIPCI\u00d3N DEL CENTRO"},"content":{"rendered":"\n<p>El Colegio P\u00fablico \u00abR\u00edo Arga\u00bb de Berbinzana es un centro de titularidad p\u00fablica situado en la c\/ Mayor n\u00ba53 de la localidad, junto al complejo deportivo municipal, perteneciente a la Red de Escuelas Rurales de Navarra.<\/p>\n\n\n\n<p>Este Centro se inaugur\u00f3 en Octubre de 1960 y durante varias d\u00e9cadas acogi\u00f3 a todo el alumnado que cursaba la antigua Educaci\u00f3n General B\u00e1sica en la localidad, pero ya en 1990 con la implantaci\u00f3n de la LOGSE, el alumnado de 7\u00ba y 8\u00ba de E.G.B. fue derivado a continuar sus estudios en el Instituto \u00abSancho III El Mayor\u00bb de Tafalla, quedando as\u00ed atendiendo el Centro al Segundo Ciclo de Educaci\u00f3n Infantil y la etapa completa de Educaci\u00f3n Primaria.<\/p>\n\n\n\n<p>El 1 de octubre de 2011 celebramos el 50 Aniversario del Colegio con un amplio programa de actividades en las que particip\u00f3 toda la comunidad educativa, y a las que asistieron representantes del Ayuntamiento y el Consejero de Educaci\u00f3n de Navarra.<\/p>\n\n\n\n<p>Durante el curso 2019\/2020 el Ayuntamiento ha realizado mejoras en la iluminaci\u00f3n y ha renovado la carpinter\u00eda exterior.<\/p>\n\n\n\n<p>Actualmente, hay matriculados un total de 64 alumnos y alumnas, la mayor\u00eda residentes en la localidad, y una plantilla formada por 11 docentes, una logopeda\/PT, y una orientadora.<\/p>\n\n\n\n<p>El Centro constituye un entorno agradable para que tanto el alumnado como los docentes exploren al m\u00e1ximo sus capacidades contribuyendo de este modo a definir y aumentar el bien com\u00fan.<\/p>\n\n\n\n<p><\/p>\n","protected":false},"excerpt":{"rendered":"<p>El Colegio P\u00fablico \u00abR\u00edo Arga\u00bb de Berbinzana es un centro de titularidad p\u00fablica situado en la c\/ Mayor n\u00ba53 de la localidad, junto al complejo deportivo municipal, perteneciente a la Red de Escuelas Rurales de Navarra. Este Centro se inaugur\u00f3 &hellip; <a href=\"https:\/\/cpberbinzana.educacion.navarra.es\/web\/descripcion-del-centro\/\">Sigue leyendo <span class=\"meta-nav\">&rarr;<\/span><\/a><\/p>\n","protected":false},"author":1,"featured_media":0,"parent":0,"menu_order":0,"comment_status":"closed","ping_status":"closed","template":"","meta":[],"_links":{"self":[{"href":"https:\/\/cpberbinzana.educacion.navarra.es\/web\/wp-json\/wp\/v2\/pages\/63"}],"collection":[{"href":"https:\/\/cpberbinzana.educacion.navarra.es\/web\/wp-json\/wp\/v2\/pages"}],"about":[{"href":"https:\/\/cpberbinzana.educacion.navarra.es\/web\/wp-json\/wp\/v2\/types\/page"}],"author":[{"embeddable":true,"href":"https:\/\/cpberbinzana.educacion.navarra.es\/web\/wp-json\/wp\/v2\/users\/1"}],"replies":[{"embeddable":true,"href":"https:\/\/cpberbinzana.educacion.navarra.es\/web\/wp-json\/wp\/v2\/comments?post=63"}],"version-history":[{"count":4,"href":"https:\/\/cpberbinzana.educacion.navarra.es\/web\/wp-json\/wp\/v2\/pages\/63\/revisions"}],"predecessor-version":[{"id":615,"href":"https:\/\/cpberbinzana.educacion.navarra.es\/web\/wp-json\/wp\/v2\/pages\/63\/revisions\/615"}],"wp:attachment":[{"href":"https:\/\/cpberbinzana.educacion.navarra.es\/web\/wp-json\/wp\/v2\/media?parent=63"}],"curies":[{"name":"wp","href":"https:\/\/api.w.org\/{rel}","templated":true}]}}